{"id":1409,"date":"2025-12-11T13:20:00","date_gmt":"2025-12-11T12:20:00","guid":{"rendered":"https:\/\/okcabogados.com\/contacte\/"},"modified":"2026-01-19T15:35:10","modified_gmt":"2026-01-19T14:35:10","slug":"contacte","status":"publish","type":"page","link":"https:\/\/okcabogados.com\/ca\/contacte\/","title":{"rendered":"Contacte"},"content":{"rendered":"\t\t<div data-elementor-type=\"wp-page\" data-elementor-id=\"1409\" class=\"elementor elementor-1409 elementor-71\" data-elementor-post-type=\"page\">\n\t\t\t\t<div class=\"elementor-element elementor-element-e5123cf e-flex e-con-boxed e-con e-parent\" data-id=\"e5123cf\" data-element_type=\"container\" data-e-type=\"container\">\n\t\t\t\t\t<div class=\"e-con-inner\">\n\t\t<div class=\"elementor-element elementor-element-bda0344 e-con-full e-flex e-con e-child\" data-id=\"bda0344\" data-element_type=\"container\" data-e-type=\"container\">\n\t\t\t\t<div class=\"elementor-element elementor-element-2945356 elementor-view-stacked elementor-shape-square elementor-widget elementor-widget-icon\" data-id=\"2945356\" data-element_type=\"widget\" data-e-type=\"widget\" data-widget_type=\"icon.default\">\n\t\t\t\t\t\t\t<div class=\"elementor-icon-wrapper\">\n\t\t\t<div class=\"elementor-icon\">\n\t\t\t<svg xmlns=\"http:\/\/www.w3.org\/2000\/svg\" xmlns:xlink=\"http:\/\/www.w3.org\/1999\/xlink\" id=\"Capa_1\" x=\"0px\" y=\"0px\" viewBox=\"0 0 40 40\" style=\"enable-background:new 0 0 40 40;\" xml:space=\"preserve\"><g>\t<rect x=\"9.5\" y=\"17.5\" width=\"9.4\" height=\"1.8\"><\/rect>\t<path d=\"M15.2,4.7v5.5H17V6.5H34v12.8h-3.8v4.2l-4.3-4.2h-1.3V12H3.9v16.5h5.6v6.8l7-6.8h8.1v-7.3h0.5l7,6.8v-6.8h3.8V4.7H15.2z   M22.7,26.7h-7l-4.3,4.2v-4.2H5.7V13.9h16.9V26.7z\"><\/path>\t<rect x=\"9.5\" y=\"21.2\" width=\"5.6\" height=\"1.8\"><\/rect><\/g><\/svg>\t\t\t<\/div>\n\t\t<\/div>\n\t\t\t\t\t\t<\/div>\n\t\t\t\t<div class=\"elementor-element elementor-element-25d2b4e elementor-widget elementor-widget-heading\" data-id=\"25d2b4e\" data-element_type=\"widget\" data-e-type=\"widget\" data-widget_type=\"heading.default\">\n\t\t\t\t\t<h1 class=\"elementor-heading-title elementor-size-default\">Contacte<\/h1>\t\t\t\t<\/div>\n\t\t\t\t<\/div>\n\t\t<div class=\"elementor-element elementor-element-69334bd e-con-full e-grid e-con e-child\" data-id=\"69334bd\" data-element_type=\"container\" data-e-type=\"container\">\n\t\t<div class=\"elementor-element elementor-element-5553cb7 e-con-full e-flex e-con e-child\" data-id=\"5553cb7\" data-element_type=\"container\" data-e-type=\"container\">\n\t\t\t\t<div class=\"elementor-element elementor-element-856b177 elementor-widget elementor-widget-text-editor\" data-id=\"856b177\" data-element_type=\"widget\" data-e-type=\"widget\" data-widget_type=\"text-editor.default\">\n\t\t\t\t\t\t\t\t\t<p>Desenvolupem la nostra activitat a tot el territori espanyol, de forma directa o a trav\u00e9s d&#8217;una xarxa de col\u00b7laboradors de confian\u00e7a.<\/p>\t\t\t\t\t\t\t\t<\/div>\n\t\t\t\t<\/div>\n\t\t<div class=\"elementor-element elementor-element-ffcb2a5 e-con-full elementor-hidden-mobile e-flex e-con e-child\" data-id=\"ffcb2a5\" data-element_type=\"container\" data-e-type=\"container\">\n\t\t\t\t<\/div>\n\t\t<div class=\"elementor-element elementor-element-7656621 e-con-full e-flex e-con e-child\" data-id=\"7656621\" data-element_type=\"container\" data-e-type=\"container\">\n\t\t\t\t<div class=\"elementor-element elementor-element-5a8cd9a elementor-align-justify elementor-widget elementor-widget-button\" data-id=\"5a8cd9a\" data-element_type=\"widget\" data-e-type=\"widget\" data-widget_type=\"button.default\">\n\t\t\t\t\t\t\t\t\t\t<a class=\"elementor-button elementor-button-link elementor-size-sm\" href=\"\">\n\t\t\t\t\t\t<span class=\"elementor-button-content-wrapper\">\n\t\t\t\t\t\t<span class=\"elementor-button-icon\">\n\t\t\t\t<svg xmlns=\"http:\/\/www.w3.org\/2000\/svg\" xmlns:xlink=\"http:\/\/www.w3.org\/1999\/xlink\" id=\"Capa_1\" x=\"0px\" y=\"0px\" viewBox=\"0 0 18 18\" style=\"enable-background:new 0 0 18 18;\" xml:space=\"preserve\"><path d=\"M17.2,1.1C17.2,1.1,17.2,1.1,17.2,1.1C17.2,1.1,17.2,1.1,17.2,1.1C17.1,1,17.1,0.9,17,0.8c0,0,0,0,0,0c0,0-0.1,0-0.1-0.1 c-0.1-0.1-0.1-0.1-0.2-0.1c-0.1,0-0.2,0-0.2,0c0,0-0.1,0-0.1,0H1.7c-0.6,0-1,0.4-1,1s0.4,1,1,1h12.2L1,15.8c-0.4,0.4-0.4,1,0,1.4 c0.2,0.2,0.4,0.3,0.7,0.3c0.3,0,0.5-0.1,0.7-0.3L15.3,4v12.6c0,0.6,0.4,1,1,1s1-0.4,1-1v-15c0,0,0,0,0,0C17.3,1.4,17.3,1.2,17.2,1.1 z\"><\/path><\/svg>\t\t\t<\/span>\n\t\t\t\t\t\t\t\t\t<span class=\"elementor-button-text\">Contacti'ns al +34 600 000 000<\/span>\n\t\t\t\t\t<\/span>\n\t\t\t\t\t<\/a>\n\t\t\t\t\t\t\t\t<\/div>\n\t\t\t\t<\/div>\n\t\t<div class=\"elementor-element elementor-element-6798709 e-con-full e-flex e-con e-child\" data-id=\"6798709\" data-element_type=\"container\" data-e-type=\"container\">\n\t\t\t\t<div class=\"elementor-element elementor-element-6551947 elementor-align-justify elementor-widget elementor-widget-button\" data-id=\"6551947\" data-element_type=\"widget\" data-e-type=\"widget\" data-widget_type=\"button.default\">\n\t\t\t\t\t\t\t\t\t\t<a class=\"elementor-button elementor-button-link elementor-size-sm\" href=\"mailto:info@okcabogados.com\">\n\t\t\t\t\t\t<span class=\"elementor-button-content-wrapper\">\n\t\t\t\t\t\t<span class=\"elementor-button-icon\">\n\t\t\t\t<svg xmlns=\"http:\/\/www.w3.org\/2000\/svg\" xmlns:xlink=\"http:\/\/www.w3.org\/1999\/xlink\" id=\"Capa_1\" x=\"0px\" y=\"0px\" viewBox=\"0 0 18 18\" style=\"enable-background:new 0 0 18 18;\" xml:space=\"preserve\"><path d=\"M17.2,1.1C17.2,1.1,17.2,1.1,17.2,1.1C17.2,1.1,17.2,1.1,17.2,1.1C17.1,1,17.1,0.9,17,0.8c0,0,0,0,0,0c0,0-0.1,0-0.1-0.1 c-0.1-0.1-0.1-0.1-0.2-0.1c-0.1,0-0.2,0-0.2,0c0,0-0.1,0-0.1,0H1.7c-0.6,0-1,0.4-1,1s0.4,1,1,1h12.2L1,15.8c-0.4,0.4-0.4,1,0,1.4 c0.2,0.2,0.4,0.3,0.7,0.3c0.3,0,0.5-0.1,0.7-0.3L15.3,4v12.6c0,0.6,0.4,1,1,1s1-0.4,1-1v-15c0,0,0,0,0,0C17.3,1.4,17.3,1.2,17.2,1.1 z\"><\/path><\/svg>\t\t\t<\/span>\n\t\t\t\t\t\t\t\t\t<span class=\"elementor-button-text\">Escr\u00edgui'ns a info@okcabogados.com<\/span>\n\t\t\t\t\t<\/span>\n\t\t\t\t\t<\/a>\n\t\t\t\t\t\t\t\t<\/div>\n\t\t\t\t<\/div>\n\t\t\t\t<\/div>\n\t\t\t\t\t<\/div>\n\t\t\t\t<\/div>\n\t\t<div class=\"elementor-element elementor-element-f8c078b e-flex e-con-boxed e-con e-parent\" data-id=\"f8c078b\" data-element_type=\"container\" data-e-type=\"container\" data-settings=\"{&quot;background_background&quot;:&quot;classic&quot;}\">\n\t\t\t\t\t<div class=\"e-con-inner\">\n\t\t<div class=\"elementor-element elementor-element-a9d5dda e-con-full e-grid e-con e-child\" data-id=\"a9d5dda\" data-element_type=\"container\" data-e-type=\"container\">\n\t\t<div class=\"elementor-element elementor-element-a9c05ff e-con-full e-flex e-con e-child\" data-id=\"a9c05ff\" data-element_type=\"container\" data-e-type=\"container\">\n\t\t\t\t<div class=\"elementor-element elementor-element-67e57ac elementor-widget elementor-widget-text-editor\" data-id=\"67e57ac\" data-element_type=\"widget\" data-e-type=\"widget\" data-widget_type=\"text-editor.default\">\n\t\t\t\t\t\t\t\t\t<p><strong>__ En qu\u00e8 podem ajudar-lo<\/strong><\/p>\t\t\t\t\t\t\t\t<\/div>\n\t\t\t\t<\/div>\n\t\t<div class=\"elementor-element elementor-element-a2198ad e-con-full e-flex e-con e-child\" data-id=\"a2198ad\" data-element_type=\"container\" data-e-type=\"container\">\n\t\t\t\t<div class=\"elementor-element elementor-element-080be39 elementor-widget elementor-widget-heading\" data-id=\"080be39\" data-element_type=\"widget\" data-e-type=\"widget\" data-widget_type=\"heading.default\">\n\t\t\t\t\t<h2 class=\"elementor-heading-title elementor-size-default\">Rigor, experi\u00e8ncia i comprom\u00eds amb cada client<\/h2>\t\t\t\t<\/div>\n\t\t\t\t<div class=\"elementor-element elementor-element-7d75eba elementor-widget elementor-widget-text-editor\" data-id=\"7d75eba\" data-element_type=\"widget\" data-e-type=\"widget\" data-widget_type=\"text-editor.default\">\n\t\t\t\t\t\t\t\t\t<p>A cada consulta apliquem criteri jur\u00eddic, claredat i un acompanyament real. Analitzem el vostre cas amb rigor i us expliquem les opcions sense embuts.<\/p><p>Treballem per donar-li una soluci\u00f3 s\u00f2lida i efica\u00e7. Expliqui&#8217;ns qu\u00e8 necessita i li respondrem amb la m\u00e0xima rapidesa.<\/p>\t\t\t\t\t\t\t\t<\/div>\n\t\t\t\t<\/div>\n\t\t\t\t<\/div>\n\t\t\t\t<div class=\"elementor-element elementor-element-77f10c0 elementor-button-align-stretch elementor-widget elementor-widget-form\" data-id=\"77f10c0\" data-element_type=\"widget\" data-e-type=\"widget\" data-settings=\"{&quot;step_next_label&quot;:&quot;Seg\\u00fcent&quot;,&quot;step_previous_label&quot;:&quot;Anterior&quot;,&quot;button_width&quot;:&quot;50&quot;,&quot;step_type&quot;:&quot;number_text&quot;,&quot;step_icon_shape&quot;:&quot;circle&quot;}\" data-widget_type=\"form.default\">\n\t\t\t\t\t\t\t<form class=\"elementor-form\" method=\"post\" name=\"Nou formulari\" aria-label=\"Nou formulari\">\n\t\t\t<input type=\"hidden\" name=\"post_id\" value=\"1409\"\/>\n\t\t\t<input type=\"hidden\" name=\"form_id\" value=\"77f10c0\"\/>\n\t\t\t<input type=\"hidden\" name=\"referer_title\" value=\"Contacte - Okc Legal\" \/>\n\n\t\t\t\t\t\t\t<input type=\"hidden\" name=\"queried_id\" value=\"1409\"\/>\n\t\t\t\n\t\t\t<div class=\"elementor-form-fields-wrapper elementor-labels-above\">\n\t\t\t\t\t\t\t\t<div class=\"elementor-field-type-text elementor-field-group elementor-column elementor-field-group-name elementor-col-50 elementor-field-required\">\n\t\t\t\t\t\t\t\t\t\t\t\t<label for=\"form-field-name\" class=\"elementor-field-label\">\n\t\t\t\t\t\t\t\tNom\t\t\t\t\t\t\t<\/label>\n\t\t\t\t\t\t\t\t\t\t\t\t\t\t<input size=\"1\" type=\"text\" name=\"form_fields[name]\" id=\"form-field-name\" class=\"elementor-field elementor-size-sm  elementor-field-textual\" placeholder=\"El teu nom\" required=\"required\">\n\t\t\t\t\t\t\t\t\t\t\t<\/div>\n\t\t\t\t\t\t\t\t<div class=\"elementor-field-type-email elementor-field-group elementor-column elementor-field-group-email elementor-col-50 elementor-field-required\">\n\t\t\t\t\t\t\t\t\t\t\t\t<label for=\"form-field-email\" class=\"elementor-field-label\">\n\t\t\t\t\t\t\t\tCorreu electr\u00f2nic\t\t\t\t\t\t\t<\/label>\n\t\t\t\t\t\t\t\t\t\t\t\t\t\t<input size=\"1\" type=\"email\" name=\"form_fields[email]\" id=\"form-field-email\" class=\"elementor-field elementor-size-sm  elementor-field-textual\" placeholder=\"El teu correu electr\u00f2nic\" required=\"required\">\n\t\t\t\t\t\t\t\t\t\t\t<\/div>\n\t\t\t\t\t\t\t\t<div class=\"elementor-field-type-tel elementor-field-group elementor-column elementor-field-group-field_42a5d7b elementor-col-50 elementor-field-required\">\n\t\t\t\t\t\t\t\t\t\t\t\t<label for=\"form-field-field_42a5d7b\" class=\"elementor-field-label\">\n\t\t\t\t\t\t\t\tTel\u00e8fon\t\t\t\t\t\t\t<\/label>\n\t\t\t\t\t\t\t\t<input size=\"1\" type=\"tel\" name=\"form_fields[field_42a5d7b]\" id=\"form-field-field_42a5d7b\" class=\"elementor-field elementor-size-sm  elementor-field-textual\" placeholder=\"El teu tel\u00e8fon\" required=\"required\" pattern=\"[0-9()#&amp;+*-=.]+\" title=\"Only numbers and phone characters (#, -, *, etc) are accepted.\">\n\n\t\t\t\t\t\t<\/div>\n\t\t\t\t\t\t\t\t<div class=\"elementor-field-type-text elementor-field-group elementor-column elementor-field-group-field_45470bb elementor-col-50 elementor-field-required\">\n\t\t\t\t\t\t\t\t\t\t\t\t<label for=\"form-field-field_45470bb\" class=\"elementor-field-label\">\n\t\t\t\t\t\t\t\tAssumpte\t\t\t\t\t\t\t<\/label>\n\t\t\t\t\t\t\t\t\t\t\t\t\t\t<input size=\"1\" type=\"text\" name=\"form_fields[field_45470bb]\" id=\"form-field-field_45470bb\" class=\"elementor-field elementor-size-sm  elementor-field-textual\" placeholder=\"Tema de la consulta\" required=\"required\">\n\t\t\t\t\t\t\t\t\t\t\t<\/div>\n\t\t\t\t\t\t\t\t<div class=\"elementor-field-type-textarea elementor-field-group elementor-column elementor-field-group-message elementor-col-100 elementor-field-required\">\n\t\t\t\t\t\t\t\t\t\t\t\t<label for=\"form-field-message\" class=\"elementor-field-label\">\n\t\t\t\t\t\t\t\tMissatge\t\t\t\t\t\t\t<\/label>\n\t\t\t\t\t\t<textarea class=\"elementor-field-textual elementor-field  elementor-size-sm\" name=\"form_fields[message]\" id=\"form-field-message\" rows=\"10\" placeholder=\"En qu\u00e8 podem ajudar-lo?\" required=\"required\"><\/textarea>\t\t\t\t<\/div>\n\t\t\t\t\t\t\t\t<div class=\"elementor-field-type-acceptance elementor-field-group elementor-column elementor-field-group-field_bcad564 elementor-col-100 elementor-field-required\">\n\t\t\t\t\t\t\t<div class=\"elementor-field-subgroup\">\n\t\t\t<span class=\"elementor-field-option\">\n\t\t\t\t<input type=\"checkbox\" name=\"form_fields[field_bcad564]\" id=\"form-field-field_bcad564\" class=\"elementor-field elementor-size-sm  elementor-acceptance-field\" required=\"required\">\n\t\t\t\t<label for=\"form-field-field_bcad564\">He llegit i accepto la <a href=\"https:\/\/okcabogados.com\/ca\/politica-de-privadesa\/\" target=\"_blank\">pol\u00edtica de privadesa<\/a><\/label>\t\t\t<\/span>\n\t\t<\/div>\n\t\t\t\t\t\t<\/div>\n\t\t\t\t\t\t\t\t<div class=\"elementor-field-type-recaptcha_v3 elementor-field-group elementor-column elementor-field-group-field_f50f08b elementor-col-100 recaptcha_v3-bottomright\">\n\t\t\t\t\t<div class=\"elementor-field\" id=\"form-field-field_f50f08b\"><div class=\"elementor-g-recaptcha\" data-sitekey=\"6Lf2dU8sAAAAACJ_wwhuZET4uRSz9R-O5wkNCPu7\" data-type=\"v3\" data-action=\"Form\" data-badge=\"bottomright\" data-size=\"invisible\"><\/div><\/div>\t\t\t\t<\/div>\n\t\t\t\t\t\t\t\t<div class=\"elementor-field-group elementor-column elementor-field-type-submit elementor-col-50 e-form__buttons\">\n\t\t\t\t\t<button class=\"elementor-button elementor-size-sm\" type=\"submit\">\n\t\t\t\t\t\t<span class=\"elementor-button-content-wrapper\">\n\t\t\t\t\t\t\t\t\t\t\t\t\t\t\t\t\t\t\t\t\t\t<span class=\"elementor-button-text\">Enviar consulta<\/span>\n\t\t\t\t\t\t\t\t\t\t\t\t\t<\/span>\n\t\t\t\t\t<\/button>\n\t\t\t\t<\/div>\n\t\t\t<\/div>\n\t\t<\/form>\n\t\t\t\t\t\t<\/div>\n\t\t\t\t\t<\/div>\n\t\t\t\t<\/div>\n\t\t\t\t<\/div>\n\t\t","protected":false},"excerpt":{"rendered":"<p>Contacte Desenvolupem la nostra activitat a tot el territori espanyol, de forma directa o a trav\u00e9s d&#8217;una xarxa de col\u00b7laboradors de confian\u00e7a. Contacti&#8217;ns al +34 600 000 000 Escr\u00edgui&#8217;ns a info@okcabogados.com __ En qu\u00e8 podem ajudar-lo Rigor, experi\u00e8ncia i comprom\u00eds amb cada client A cada consulta apliquem criteri jur\u00eddic, claredat i un acompanyament real. Analitzem [&hellip;]<\/p>\n","protected":false},"author":1,"featured_media":0,"parent":0,"menu_order":0,"comment_status":"closed","ping_status":"closed","template":"","meta":{"footnotes":""},"class_list":["post-1409","page","type-page","status-publish","hentry"],"yoast_head":"<!-- This site is optimized with the Yoast SEO plugin v27.3 - https:\/\/yoast.com\/product\/yoast-seo-wordpress\/ -->\n<title>Contacte - Okc Legal<\/title>\n<meta name=\"robots\" content=\"index, follow, max-snippet:-1, max-image-preview:large, max-video-preview:-1\" \/>\n<link rel=\"canonical\" href=\"https:\/\/okcabogados.com\/contacto\/\" \/>\n<meta property=\"og:locale\" content=\"ca_ES\" \/>\n<meta property=\"og:type\" content=\"article\" \/>\n<meta property=\"og:title\" content=\"Contacte - Okc Legal\" \/>\n<meta property=\"og:description\" content=\"Contacte Desenvolupem la nostra activitat a tot el territori espanyol, de forma directa o a trav\u00e9s d&#8217;una xarxa de col\u00b7laboradors de confian\u00e7a. Contacti&#8217;ns al +34 600 000 000 Escr\u00edgui&#8217;ns a info@okcabogados.com __ En qu\u00e8 podem ajudar-lo Rigor, experi\u00e8ncia i comprom\u00eds amb cada client A cada consulta apliquem criteri jur\u00eddic, claredat i un acompanyament real. Analitzem [&hellip;]\" \/>\n<meta property=\"og:url\" content=\"https:\/\/okcabogados.com\/contacto\/\" \/>\n<meta property=\"og:site_name\" content=\"Okc Legal\" \/>\n<meta property=\"article:modified_time\" content=\"2026-01-19T14:35:10+00:00\" \/>\n<meta name=\"twitter:card\" content=\"summary_large_image\" \/>\n<meta name=\"twitter:label1\" content=\"Temps estimat de lectura\" \/>\n\t<meta name=\"twitter:data1\" content=\"1 minut\" \/>\n<script type=\"application\/ld+json\" class=\"yoast-schema-graph\">{\"@context\":\"https:\\\/\\\/schema.org\",\"@graph\":[{\"@type\":\"WebPage\",\"@id\":\"https:\\\/\\\/okcabogados.com\\\/contacto\\\/\",\"url\":\"https:\\\/\\\/okcabogados.com\\\/contacto\\\/\",\"name\":\"Contacte - Okc Legal\",\"isPartOf\":{\"@id\":\"https:\\\/\\\/okcabogados.com\\\/#website\"},\"datePublished\":\"2025-12-11T12:20:00+00:00\",\"dateModified\":\"2026-01-19T14:35:10+00:00\",\"breadcrumb\":{\"@id\":\"https:\\\/\\\/okcabogados.com\\\/contacto\\\/#breadcrumb\"},\"inLanguage\":\"ca\",\"potentialAction\":[{\"@type\":\"ReadAction\",\"target\":[\"https:\\\/\\\/okcabogados.com\\\/contacto\\\/\"]}]},{\"@type\":\"BreadcrumbList\",\"@id\":\"https:\\\/\\\/okcabogados.com\\\/contacto\\\/#breadcrumb\",\"itemListElement\":[{\"@type\":\"ListItem\",\"position\":1,\"name\":\"Portada\",\"item\":\"https:\\\/\\\/okcabogados.com\\\/ca\\\/\"},{\"@type\":\"ListItem\",\"position\":2,\"name\":\"Contacte\"}]},{\"@type\":\"WebSite\",\"@id\":\"https:\\\/\\\/okcabogados.com\\\/#website\",\"url\":\"https:\\\/\\\/okcabogados.com\\\/\",\"name\":\"Okc Legal\",\"description\":\"Abogados y Economistas a su lado en cada paso del proceso\",\"publisher\":{\"@id\":\"https:\\\/\\\/okcabogados.com\\\/#organization\"},\"potentialAction\":[{\"@type\":\"SearchAction\",\"target\":{\"@type\":\"EntryPoint\",\"urlTemplate\":\"https:\\\/\\\/okcabogados.com\\\/?s={search_term_string}\"},\"query-input\":{\"@type\":\"PropertyValueSpecification\",\"valueRequired\":true,\"valueName\":\"search_term_string\"}}],\"inLanguage\":\"ca\"},{\"@type\":\"Organization\",\"@id\":\"https:\\\/\\\/okcabogados.com\\\/#organization\",\"name\":\"Okc Legal\",\"url\":\"https:\\\/\\\/okcabogados.com\\\/\",\"logo\":{\"@type\":\"ImageObject\",\"inLanguage\":\"ca\",\"@id\":\"https:\\\/\\\/okcabogados.com\\\/#\\\/schema\\\/logo\\\/image\\\/\",\"url\":\"https:\\\/\\\/okcabogados.com\\\/wp-content\\\/uploads\\\/2026\\\/01\\\/favicon-1.png\",\"contentUrl\":\"https:\\\/\\\/okcabogados.com\\\/wp-content\\\/uploads\\\/2026\\\/01\\\/favicon-1.png\",\"width\":512,\"height\":512,\"caption\":\"Okc Legal\"},\"image\":{\"@id\":\"https:\\\/\\\/okcabogados.com\\\/#\\\/schema\\\/logo\\\/image\\\/\"}}]}<\/script>\n<!-- \/ Yoast SEO plugin. -->","yoast_head_json":{"title":"Contacte - Okc Legal","robots":{"index":"index","follow":"follow","max-snippet":"max-snippet:-1","max-image-preview":"max-image-preview:large","max-video-preview":"max-video-preview:-1"},"canonical":"https:\/\/okcabogados.com\/contacto\/","og_locale":"ca_ES","og_type":"article","og_title":"Contacte - Okc Legal","og_description":"Contacte Desenvolupem la nostra activitat a tot el territori espanyol, de forma directa o a trav\u00e9s d&#8217;una xarxa de col\u00b7laboradors de confian\u00e7a. Contacti&#8217;ns al +34 600 000 000 Escr\u00edgui&#8217;ns a info@okcabogados.com __ En qu\u00e8 podem ajudar-lo Rigor, experi\u00e8ncia i comprom\u00eds amb cada client A cada consulta apliquem criteri jur\u00eddic, claredat i un acompanyament real. Analitzem [&hellip;]","og_url":"https:\/\/okcabogados.com\/contacto\/","og_site_name":"Okc Legal","article_modified_time":"2026-01-19T14:35:10+00:00","twitter_card":"summary_large_image","twitter_misc":{"Temps estimat de lectura":"1 minut"},"schema":{"@context":"https:\/\/schema.org","@graph":[{"@type":"WebPage","@id":"https:\/\/okcabogados.com\/contacto\/","url":"https:\/\/okcabogados.com\/contacto\/","name":"Contacte - Okc Legal","isPartOf":{"@id":"https:\/\/okcabogados.com\/#website"},"datePublished":"2025-12-11T12:20:00+00:00","dateModified":"2026-01-19T14:35:10+00:00","breadcrumb":{"@id":"https:\/\/okcabogados.com\/contacto\/#breadcrumb"},"inLanguage":"ca","potentialAction":[{"@type":"ReadAction","target":["https:\/\/okcabogados.com\/contacto\/"]}]},{"@type":"BreadcrumbList","@id":"https:\/\/okcabogados.com\/contacto\/#breadcrumb","itemListElement":[{"@type":"ListItem","position":1,"name":"Portada","item":"https:\/\/okcabogados.com\/ca\/"},{"@type":"ListItem","position":2,"name":"Contacte"}]},{"@type":"WebSite","@id":"https:\/\/okcabogados.com\/#website","url":"https:\/\/okcabogados.com\/","name":"Okc Legal","description":"Abogados y Economistas a su lado en cada paso del proceso","publisher":{"@id":"https:\/\/okcabogados.com\/#organization"},"potentialAction":[{"@type":"SearchAction","target":{"@type":"EntryPoint","urlTemplate":"https:\/\/okcabogados.com\/?s={search_term_string}"},"query-input":{"@type":"PropertyValueSpecification","valueRequired":true,"valueName":"search_term_string"}}],"inLanguage":"ca"},{"@type":"Organization","@id":"https:\/\/okcabogados.com\/#organization","name":"Okc Legal","url":"https:\/\/okcabogados.com\/","logo":{"@type":"ImageObject","inLanguage":"ca","@id":"https:\/\/okcabogados.com\/#\/schema\/logo\/image\/","url":"https:\/\/okcabogados.com\/wp-content\/uploads\/2026\/01\/favicon-1.png","contentUrl":"https:\/\/okcabogados.com\/wp-content\/uploads\/2026\/01\/favicon-1.png","width":512,"height":512,"caption":"Okc Legal"},"image":{"@id":"https:\/\/okcabogados.com\/#\/schema\/logo\/image\/"}}]}},"_links":{"self":[{"href":"https:\/\/okcabogados.com\/ca\/wp-json\/wp\/v2\/pages\/1409","targetHints":{"allow":["GET"]}}],"collection":[{"href":"https:\/\/okcabogados.com\/ca\/wp-json\/wp\/v2\/pages"}],"about":[{"href":"https:\/\/okcabogados.com\/ca\/wp-json\/wp\/v2\/types\/page"}],"author":[{"embeddable":true,"href":"https:\/\/okcabogados.com\/ca\/wp-json\/wp\/v2\/users\/1"}],"replies":[{"embeddable":true,"href":"https:\/\/okcabogados.com\/ca\/wp-json\/wp\/v2\/comments?post=1409"}],"version-history":[{"count":37,"href":"https:\/\/okcabogados.com\/ca\/wp-json\/wp\/v2\/pages\/1409\/revisions"}],"predecessor-version":[{"id":1831,"href":"https:\/\/okcabogados.com\/ca\/wp-json\/wp\/v2\/pages\/1409\/revisions\/1831"}],"wp:attachment":[{"href":"https:\/\/okcabogados.com\/ca\/wp-json\/wp\/v2\/media?parent=1409"}],"curies":[{"name":"wp","href":"https:\/\/api.w.org\/{rel}","templated":true}]}}